{"id":37,"date":"2023-11-10T15:31:58","date_gmt":"2023-11-10T14:31:58","guid":{"rendered":"http:\/\/dlplomberie.fr\/?page_id=37"},"modified":"2023-11-17T16:06:22","modified_gmt":"2023-11-17T15:06:22","slug":"accueil","status":"publish","type":"page","link":"https:\/\/dlplomberie.fr\/","title":{"rendered":"Accueil"},"content":{"rendered":"\t\t<div data-elementor-type=\"wp-page\" data-elementor-id=\"37\" class=\"elementor elementor-37\">\n\t\t\t\t<div class=\"elementor-element elementor-element-bd562b9 e-flex e-con-boxed e-con e-parent\" data-id=\"bd562b9\" data-element_type=\"container\" data-e-type=\"container\">\n\t\t\t\t\t<div class=\"e-con-inner\">\n\t\t\t\t<div class=\"elementor-element elementor-element-f9dc499 elementor-widget elementor-widget-heading\" data-id=\"f9dc499\" data-element_type=\"widget\" data-e-type=\"widget\" data-widget_type=\"heading.default\">\n\t\t\t\t<div class=\"elementor-widget-container\">\n\t\t\t\t\t<h1 class=\"elementor-heading-title elementor-size-default\">Des fuites g\u00eanantes aux tuyaux capricieux, je suis l\u00e0 pour remettre de l'ordre dans votre univers aquatique. Bienvenue chez David LOUIS Plomberie Chauffage\n \u2013 o\u00f9 chaque goutte compte pour votre tranquillit\u00e9 d'esprit<\/h1>\t\t\t\t<\/div>\n\t\t\t\t<\/div>\n\t\t\t\t\t<\/div>\n\t\t\t\t<\/div>\n\t\t<div class=\"elementor-element elementor-element-dae8c24 e-con-full e-flex e-con e-parent\" data-id=\"dae8c24\" data-element_type=\"container\" data-e-type=\"container\">\n\t\t\t\t<div class=\"elementor-element elementor-element-d84b861 elementor-widget elementor-widget-image\" data-id=\"d84b861\" data-element_type=\"widget\" data-e-type=\"widget\" data-widget_type=\"image.default\">\n\t\t\t\t<div class=\"elementor-widget-container\">\n\t\t\t\t\t\t\t\t\t\t\t\t\t\t\t<img fetchpriority=\"high\" decoding=\"async\" width=\"577\" height=\"346\" src=\"https:\/\/dlplomberie.fr\/wp-content\/uploads\/2023\/11\/0001-2.png\" class=\"attachment-large size-large wp-image-213\" alt=\"\" srcset=\"https:\/\/dlplomberie.fr\/wp-content\/uploads\/2023\/11\/0001-2.png 577w, https:\/\/dlplomberie.fr\/wp-content\/uploads\/2023\/11\/0001-2-300x180.png 300w, https:\/\/dlplomberie.fr\/wp-content\/uploads\/2023\/11\/0001-2-240x145.png 240w\" sizes=\"(max-width: 577px) 100vw, 577px\" \/>\t\t\t\t\t\t\t\t\t\t\t\t\t\t\t<\/div>\n\t\t\t\t<\/div>\n\t\t\t\t<\/div>\n\t\t<div class=\"elementor-element elementor-element-5a6eb07 e-flex e-con-boxed e-con e-parent\" data-id=\"5a6eb07\" data-element_type=\"container\" data-e-type=\"container\">\n\t\t\t\t\t<div class=\"e-con-inner\">\n\t\t\t\t<div class=\"elementor-element elementor-element-55711ac elementor-widget elementor-widget-text-editor\" data-id=\"55711ac\" data-element_type=\"widget\" data-e-type=\"widget\" data-widget_type=\"text-editor.default\">\n\t\t\t\t<div class=\"elementor-widget-container\">\n\t\t\t\t\t\t\t\t\t<ul><li>R\u00e9paration canalisations<\/li><li>Remplacement robinetterie<\/li><li>D\u00e9pannage, d\u00e9tartrage et remplacement chauffe eau \u00e9lectrique<\/li><li>Remplacement radiateur \u00e9lectrique<\/li><\/ul>\t\t\t\t\t\t\t\t<\/div>\n\t\t\t\t<\/div>\n\t\t\t\t\t<\/div>\n\t\t\t\t<\/div>\n\t\t<div class=\"elementor-element elementor-element-c2ae095 e-flex e-con-boxed e-con e-parent\" data-id=\"c2ae095\" data-element_type=\"container\" data-e-type=\"container\">\n\t\t\t\t\t<div class=\"e-con-inner\">\n\t\t<div class=\"elementor-element elementor-element-9835f6e e-con-full e-flex e-con e-child\" data-id=\"9835f6e\" data-element_type=\"container\" data-e-type=\"container\">\n\t\t\t\t<div class=\"elementor-element elementor-element-71019f3 elementor-widget elementor-widget-image\" data-id=\"71019f3\" data-element_type=\"widget\" data-e-type=\"widget\" data-widget_type=\"image.default\">\n\t\t\t\t<div class=\"elementor-widget-container\">\n\t\t\t\t\t\t\t\t\t\t\t\t\t\t\t<img decoding=\"async\" width=\"640\" height=\"427\" src=\"https:\/\/dlplomberie.fr\/wp-content\/uploads\/2023\/11\/mixer-tap-413745_640.jpg\" class=\"attachment-large size-large wp-image-111\" alt=\"\" srcset=\"https:\/\/dlplomberie.fr\/wp-content\/uploads\/2023\/11\/mixer-tap-413745_640.jpg 640w, https:\/\/dlplomberie.fr\/wp-content\/uploads\/2023\/11\/mixer-tap-413745_640-300x200.jpg 300w\" sizes=\"(max-width: 640px) 100vw, 640px\" \/>\t\t\t\t\t\t\t\t\t\t\t\t\t\t\t<\/div>\n\t\t\t\t<\/div>\n\t\t\t\t<\/div>\n\t\t<div class=\"elementor-element elementor-element-0e74e4a e-con-full e-flex e-con e-child\" data-id=\"0e74e4a\" data-element_type=\"container\" data-e-type=\"container\">\n\t\t\t\t<div class=\"elementor-element elementor-element-986fbd2 elementor-widget elementor-widget-image\" data-id=\"986fbd2\" data-element_type=\"widget\" data-e-type=\"widget\" data-widget_type=\"image.default\">\n\t\t\t\t<div class=\"elementor-widget-container\">\n\t\t\t\t\t\t\t\t\t\t\t\t\t\t\t<img decoding=\"async\" width=\"612\" height=\"408\" src=\"https:\/\/dlplomberie.fr\/wp-content\/uploads\/2023\/11\/istockphoto-1435449600-612x612-2.jpg\" class=\"attachment-large size-large wp-image-217\" alt=\"\" srcset=\"https:\/\/dlplomberie.fr\/wp-content\/uploads\/2023\/11\/istockphoto-1435449600-612x612-2.jpg 612w, https:\/\/dlplomberie.fr\/wp-content\/uploads\/2023\/11\/istockphoto-1435449600-612x612-2-300x200.jpg 300w\" sizes=\"(max-width: 612px) 100vw, 612px\" \/>\t\t\t\t\t\t\t\t\t\t\t\t\t\t\t<\/div>\n\t\t\t\t<\/div>\n\t\t\t\t<\/div>\n\t\t<div class=\"elementor-element elementor-element-d3a0388 e-con-full e-flex e-con e-child\" data-id=\"d3a0388\" data-element_type=\"container\" data-e-type=\"container\">\n\t\t\t\t<\/div>\n\t\t\t\t\t<\/div>\n\t\t\t\t<\/div>\n\t\t<div class=\"elementor-element elementor-element-20b52d4 e-flex e-con-boxed e-con e-parent\" data-id=\"20b52d4\" data-element_type=\"container\" data-e-type=\"container\">\n\t\t\t\t\t<div class=\"e-con-inner\">\n\t\t<div class=\"elementor-element elementor-element-31a43fd e-con-full e-flex e-con e-child\" data-id=\"31a43fd\" data-element_type=\"container\" data-e-type=\"container\">\n\t\t\t\t<div class=\"elementor-element elementor-element-1ddda61 elementor-widget elementor-widget-image\" data-id=\"1ddda61\" data-element_type=\"widget\" data-e-type=\"widget\" data-widget_type=\"image.default\">\n\t\t\t\t<div class=\"elementor-widget-container\">\n\t\t\t\t\t\t\t\t\t\t\t\t\t\t\t<img loading=\"lazy\" decoding=\"async\" width=\"640\" height=\"427\" src=\"https:\/\/dlplomberie.fr\/wp-content\/uploads\/2023\/11\/pexels-photo-2339722-1024x683.jpeg\" class=\"attachment-large size-large wp-image-52\" alt=\"robinet de jardin puisage\" srcset=\"https:\/\/dlplomberie.fr\/wp-content\/uploads\/2023\/11\/pexels-photo-2339722-1024x683.jpeg 1024w, https:\/\/dlplomberie.fr\/wp-content\/uploads\/2023\/11\/pexels-photo-2339722-300x200.jpeg 300w, https:\/\/dlplomberie.fr\/wp-content\/uploads\/2023\/11\/pexels-photo-2339722-768x512.jpeg 768w, https:\/\/dlplomberie.fr\/wp-content\/uploads\/2023\/11\/pexels-photo-2339722.jpeg 1125w\" sizes=\"(max-width: 640px) 100vw, 640px\" \/>\t\t\t\t\t\t\t\t\t\t\t\t\t\t\t<\/div>\n\t\t\t\t<\/div>\n\t\t\t\t<\/div>\n\t\t<div class=\"elementor-element elementor-element-eee00ff e-con-full e-flex e-con e-child\" data-id=\"eee00ff\" data-element_type=\"container\" data-e-type=\"container\">\n\t\t\t\t<div class=\"elementor-element elementor-element-c1129f3 elementor-widget elementor-widget-image\" data-id=\"c1129f3\" data-element_type=\"widget\" data-e-type=\"widget\" data-widget_type=\"image.default\">\n\t\t\t\t<div class=\"elementor-widget-container\">\n\t\t\t\t\t\t\t\t\t\t\t\t\t\t\t<img loading=\"lazy\" decoding=\"async\" width=\"640\" height=\"424\" src=\"https:\/\/dlplomberie.fr\/wp-content\/uploads\/2023\/11\/plumber-2788329_640.jpg\" class=\"attachment-large size-large wp-image-51\" alt=\"\" srcset=\"https:\/\/dlplomberie.fr\/wp-content\/uploads\/2023\/11\/plumber-2788329_640.jpg 640w, https:\/\/dlplomberie.fr\/wp-content\/uploads\/2023\/11\/plumber-2788329_640-300x199.jpg 300w\" sizes=\"(max-width: 640px) 100vw, 640px\" \/>\t\t\t\t\t\t\t\t\t\t\t\t\t\t\t<\/div>\n\t\t\t\t<\/div>\n\t\t\t\t<\/div>\n\t\t\t\t\t<\/div>\n\t\t\t\t<\/div>\n\t\t<div class=\"elementor-element elementor-element-8a80168 e-flex e-con-boxed e-con e-parent\" data-id=\"8a80168\" data-element_type=\"container\" data-e-type=\"container\">\n\t\t\t\t\t<div class=\"e-con-inner\">\n\t\t<div class=\"elementor-element elementor-element-090fa55 e-con-full e-flex e-con e-child\" data-id=\"090fa55\" data-element_type=\"container\" data-e-type=\"container\">\n\t\t\t\t<div class=\"elementor-element elementor-element-2a81e93 elementor-widget elementor-widget-image\" data-id=\"2a81e93\" data-element_type=\"widget\" data-e-type=\"widget\" data-widget_type=\"image.default\">\n\t\t\t\t<div class=\"elementor-widget-container\">\n\t\t\t\t\t\t\t\t\t\t\t\t\t\t\t<img loading=\"lazy\" decoding=\"async\" width=\"220\" height=\"276\" src=\"https:\/\/dlplomberie.fr\/wp-content\/uploads\/2023\/11\/chauffe-eau.jpg\" class=\"attachment-large size-large wp-image-107\" alt=\"\" \/>\t\t\t\t\t\t\t\t\t\t\t\t\t\t\t<\/div>\n\t\t\t\t<\/div>\n\t\t\t\t<\/div>\n\t\t<div class=\"elementor-element elementor-element-3fdc057 e-con-full e-flex e-con e-child\" data-id=\"3fdc057\" data-element_type=\"container\" data-e-type=\"container\">\n\t\t\t\t<div class=\"elementor-element elementor-element-45014d9 elementor-widget elementor-widget-image\" data-id=\"45014d9\" data-element_type=\"widget\" data-e-type=\"widget\" data-widget_type=\"image.default\">\n\t\t\t\t<div class=\"elementor-widget-container\">\n\t\t\t\t\t\t\t\t\t\t\t\t\t\t\t<img loading=\"lazy\" decoding=\"async\" width=\"225\" height=\"300\" src=\"https:\/\/dlplomberie.fr\/wp-content\/uploads\/2023\/11\/depanange-chauffe-eau-225x300.jpg\" class=\"attachment-medium size-medium wp-image-108\" alt=\"\" srcset=\"https:\/\/dlplomberie.fr\/wp-content\/uploads\/2023\/11\/depanange-chauffe-eau-225x300.jpg 225w, https:\/\/dlplomberie.fr\/wp-content\/uploads\/2023\/11\/depanange-chauffe-eau-768x1024.jpg 768w, https:\/\/dlplomberie.fr\/wp-content\/uploads\/2023\/11\/depanange-chauffe-eau-1152x1536.jpg 1152w, https:\/\/dlplomberie.fr\/wp-content\/uploads\/2023\/11\/depanange-chauffe-eau-1536x2048.jpg 1536w, https:\/\/dlplomberie.fr\/wp-content\/uploads\/2023\/11\/depanange-chauffe-eau-scaled.jpg 1920w\" sizes=\"(max-width: 225px) 100vw, 225px\" \/>\t\t\t\t\t\t\t\t\t\t\t\t\t\t\t<\/div>\n\t\t\t\t<\/div>\n\t\t\t\t<\/div>\n\t\t\t\t<div class=\"elementor-element elementor-element-2c22807 elementor-widget elementor-widget-image\" data-id=\"2c22807\" data-element_type=\"widget\" data-e-type=\"widget\" data-widget_type=\"image.default\">\n\t\t\t\t<div class=\"elementor-widget-container\">\n\t\t\t\t\t\t\t\t\t\t\t\t\t\t\t<img loading=\"lazy\" decoding=\"async\" width=\"288\" height=\"216\" src=\"https:\/\/dlplomberie.fr\/wp-content\/uploads\/2023\/11\/detartrage-chauffe-eau.jpg\" class=\"attachment-large size-large wp-image-109\" alt=\"\" \/>\t\t\t\t\t\t\t\t\t\t\t\t\t\t\t<\/div>\n\t\t\t\t<\/div>\n\t\t\t\t\t<\/div>\n\t\t\t\t<\/div>\n\t\t\t\t<\/div>\n\t\t","protected":false},"excerpt":{"rendered":"<p>Des fuites g\u00eanantes aux tuyaux capricieux, je suis l\u00e0 pour remettre de l&rsquo;ordre dans votre univers aquatique. Bienvenue chez David LOUIS Plomberie Chauffage \u2013 o\u00f9 chaque goutte compte pour votre tranquillit\u00e9 d&rsquo;esprit R\u00e9paration canalisations Remplacement robinetterie D\u00e9pannage, d\u00e9tartrage et remplacement chauffe eau \u00e9lectrique Remplacement radiateur \u00e9lectrique<\/p>\n","protected":false},"author":1,"featured_media":0,"parent":0,"menu_order":0,"comment_status":"closed","ping_status":"closed","template":"","meta":{"_monsterinsights_skip_tracking":false,"_monsterinsights_sitenote_active":false,"_monsterinsights_sitenote_note":"","_monsterinsights_sitenote_category":0,"_uf_show_specific_survey":0,"_uf_disable_surveys":false,"footnotes":""},"class_list":["post-37","page","type-page","status-publish","hentry"],"aioseo_notices":[],"yoast_head":"<!-- This site is optimized with the Yoast SEO plugin v27.5 - https:\/\/yoast.com\/product\/yoast-seo-wordpress\/ -->\n<title>Accueil - David LOUIS Plomberie Chauffage<\/title>\n<meta name=\"robots\" content=\"index, follow, max-snippet:-1, max-image-preview:large, max-video-preview:-1\" \/>\n<link rel=\"canonical\" href=\"https:\/\/dlplomberie.fr\/\" \/>\n<meta property=\"og:locale\" content=\"fr_FR\" \/>\n<meta property=\"og:type\" content=\"article\" \/>\n<meta property=\"og:title\" content=\"Accueil - David LOUIS Plomberie Chauffage\" \/>\n<meta property=\"og:description\" content=\"Des fuites g\u00eanantes aux tuyaux capricieux, je suis l\u00e0 pour remettre de l&rsquo;ordre dans votre univers aquatique. Bienvenue chez David LOUIS Plomberie Chauffage \u2013 o\u00f9 chaque goutte compte pour votre tranquillit\u00e9 d&rsquo;esprit R\u00e9paration canalisations Remplacement robinetterie D\u00e9pannage, d\u00e9tartrage et remplacement chauffe eau \u00e9lectrique Remplacement radiateur \u00e9lectrique\" \/>\n<meta property=\"og:url\" content=\"https:\/\/dlplomberie.fr\/\" \/>\n<meta property=\"og:site_name\" content=\"David LOUIS Plomberie Chauffage\" \/>\n<meta property=\"article:modified_time\" content=\"2023-11-17T15:06:22+00:00\" \/>\n<meta property=\"og:image\" content=\"http:\/\/dlplomberie.fr\/wp-content\/uploads\/2023\/11\/0001-2.png\" \/>\n<meta name=\"twitter:card\" content=\"summary_large_image\" \/>\n<script type=\"application\/ld+json\" class=\"yoast-schema-graph\">{\"@context\":\"https:\\\/\\\/schema.org\",\"@graph\":[{\"@type\":\"WebPage\",\"@id\":\"https:\\\/\\\/dlplomberie.fr\\\/\",\"url\":\"https:\\\/\\\/dlplomberie.fr\\\/\",\"name\":\"Accueil - David LOUIS Plomberie Chauffage\",\"isPartOf\":{\"@id\":\"https:\\\/\\\/dlplomberie.fr\\\/#website\"},\"primaryImageOfPage\":{\"@id\":\"https:\\\/\\\/dlplomberie.fr\\\/#primaryimage\"},\"image\":{\"@id\":\"https:\\\/\\\/dlplomberie.fr\\\/#primaryimage\"},\"thumbnailUrl\":\"http:\\\/\\\/dlplomberie.fr\\\/wp-content\\\/uploads\\\/2023\\\/11\\\/0001-2.png\",\"datePublished\":\"2023-11-10T14:31:58+00:00\",\"dateModified\":\"2023-11-17T15:06:22+00:00\",\"breadcrumb\":{\"@id\":\"https:\\\/\\\/dlplomberie.fr\\\/#breadcrumb\"},\"inLanguage\":\"fr-FR\",\"potentialAction\":[{\"@type\":\"ReadAction\",\"target\":[\"https:\\\/\\\/dlplomberie.fr\\\/\"]}]},{\"@type\":\"ImageObject\",\"inLanguage\":\"fr-FR\",\"@id\":\"https:\\\/\\\/dlplomberie.fr\\\/#primaryimage\",\"url\":\"https:\\\/\\\/dlplomberie.fr\\\/wp-content\\\/uploads\\\/2023\\\/11\\\/0001-2.png\",\"contentUrl\":\"https:\\\/\\\/dlplomberie.fr\\\/wp-content\\\/uploads\\\/2023\\\/11\\\/0001-2.png\",\"width\":577,\"height\":346},{\"@type\":\"BreadcrumbList\",\"@id\":\"https:\\\/\\\/dlplomberie.fr\\\/#breadcrumb\",\"itemListElement\":[{\"@type\":\"ListItem\",\"position\":1,\"name\":\"Accueil\",\"item\":\"https:\\\/\\\/dlplomberie.fr\\\/\"},{\"@type\":\"ListItem\",\"position\":2,\"name\":\"Accueil\"}]},{\"@type\":\"WebSite\",\"@id\":\"https:\\\/\\\/dlplomberie.fr\\\/#website\",\"url\":\"https:\\\/\\\/dlplomberie.fr\\\/\",\"name\":\"David LOUIS Plomberie Chauffage\",\"description\":\"l eau c cool\",\"publisher\":{\"@id\":\"https:\\\/\\\/dlplomberie.fr\\\/#organization\"},\"potentialAction\":[{\"@type\":\"SearchAction\",\"target\":{\"@type\":\"EntryPoint\",\"urlTemplate\":\"https:\\\/\\\/dlplomberie.fr\\\/?s={search_term_string}\"},\"query-input\":{\"@type\":\"PropertyValueSpecification\",\"valueRequired\":true,\"valueName\":\"search_term_string\"}}],\"inLanguage\":\"fr-FR\"},{\"@type\":\"Organization\",\"@id\":\"https:\\\/\\\/dlplomberie.fr\\\/#organization\",\"name\":\"David LOUIS Plomberie Chauffage\",\"url\":\"https:\\\/\\\/dlplomberie.fr\\\/\",\"logo\":{\"@type\":\"ImageObject\",\"inLanguage\":\"fr-FR\",\"@id\":\"https:\\\/\\\/dlplomberie.fr\\\/#\\\/schema\\\/logo\\\/image\\\/\",\"url\":\"https:\\\/\\\/dlplomberie.fr\\\/wp-content\\\/uploads\\\/2023\\\/11\\\/0001-2.png\",\"contentUrl\":\"https:\\\/\\\/dlplomberie.fr\\\/wp-content\\\/uploads\\\/2023\\\/11\\\/0001-2.png\",\"width\":577,\"height\":346,\"caption\":\"David LOUIS Plomberie Chauffage\"},\"image\":{\"@id\":\"https:\\\/\\\/dlplomberie.fr\\\/#\\\/schema\\\/logo\\\/image\\\/\"}}]}<\/script>\n<!-- \/ Yoast SEO plugin. -->","yoast_head_json":{"title":"Accueil - David LOUIS Plomberie Chauffage","robots":{"index":"index","follow":"follow","max-snippet":"max-snippet:-1","max-image-preview":"max-image-preview:large","max-video-preview":"max-video-preview:-1"},"canonical":"https:\/\/dlplomberie.fr\/","og_locale":"fr_FR","og_type":"article","og_title":"Accueil - David LOUIS Plomberie Chauffage","og_description":"Des fuites g\u00eanantes aux tuyaux capricieux, je suis l\u00e0 pour remettre de l&rsquo;ordre dans votre univers aquatique. Bienvenue chez David LOUIS Plomberie Chauffage \u2013 o\u00f9 chaque goutte compte pour votre tranquillit\u00e9 d&rsquo;esprit R\u00e9paration canalisations Remplacement robinetterie D\u00e9pannage, d\u00e9tartrage et remplacement chauffe eau \u00e9lectrique Remplacement radiateur \u00e9lectrique","og_url":"https:\/\/dlplomberie.fr\/","og_site_name":"David LOUIS Plomberie Chauffage","article_modified_time":"2023-11-17T15:06:22+00:00","og_image":[{"url":"http:\/\/dlplomberie.fr\/wp-content\/uploads\/2023\/11\/0001-2.png","type":"","width":"","height":""}],"twitter_card":"summary_large_image","schema":{"@context":"https:\/\/schema.org","@graph":[{"@type":"WebPage","@id":"https:\/\/dlplomberie.fr\/","url":"https:\/\/dlplomberie.fr\/","name":"Accueil - David LOUIS Plomberie Chauffage","isPartOf":{"@id":"https:\/\/dlplomberie.fr\/#website"},"primaryImageOfPage":{"@id":"https:\/\/dlplomberie.fr\/#primaryimage"},"image":{"@id":"https:\/\/dlplomberie.fr\/#primaryimage"},"thumbnailUrl":"http:\/\/dlplomberie.fr\/wp-content\/uploads\/2023\/11\/0001-2.png","datePublished":"2023-11-10T14:31:58+00:00","dateModified":"2023-11-17T15:06:22+00:00","breadcrumb":{"@id":"https:\/\/dlplomberie.fr\/#breadcrumb"},"inLanguage":"fr-FR","potentialAction":[{"@type":"ReadAction","target":["https:\/\/dlplomberie.fr\/"]}]},{"@type":"ImageObject","inLanguage":"fr-FR","@id":"https:\/\/dlplomberie.fr\/#primaryimage","url":"https:\/\/dlplomberie.fr\/wp-content\/uploads\/2023\/11\/0001-2.png","contentUrl":"https:\/\/dlplomberie.fr\/wp-content\/uploads\/2023\/11\/0001-2.png","width":577,"height":346},{"@type":"BreadcrumbList","@id":"https:\/\/dlplomberie.fr\/#breadcrumb","itemListElement":[{"@type":"ListItem","position":1,"name":"Accueil","item":"https:\/\/dlplomberie.fr\/"},{"@type":"ListItem","position":2,"name":"Accueil"}]},{"@type":"WebSite","@id":"https:\/\/dlplomberie.fr\/#website","url":"https:\/\/dlplomberie.fr\/","name":"David LOUIS Plomberie Chauffage","description":"l eau c cool","publisher":{"@id":"https:\/\/dlplomberie.fr\/#organization"},"potentialAction":[{"@type":"SearchAction","target":{"@type":"EntryPoint","urlTemplate":"https:\/\/dlplomberie.fr\/?s={search_term_string}"},"query-input":{"@type":"PropertyValueSpecification","valueRequired":true,"valueName":"search_term_string"}}],"inLanguage":"fr-FR"},{"@type":"Organization","@id":"https:\/\/dlplomberie.fr\/#organization","name":"David LOUIS Plomberie Chauffage","url":"https:\/\/dlplomberie.fr\/","logo":{"@type":"ImageObject","inLanguage":"fr-FR","@id":"https:\/\/dlplomberie.fr\/#\/schema\/logo\/image\/","url":"https:\/\/dlplomberie.fr\/wp-content\/uploads\/2023\/11\/0001-2.png","contentUrl":"https:\/\/dlplomberie.fr\/wp-content\/uploads\/2023\/11\/0001-2.png","width":577,"height":346,"caption":"David LOUIS Plomberie Chauffage"},"image":{"@id":"https:\/\/dlplomberie.fr\/#\/schema\/logo\/image\/"}}]}},"_links":{"self":[{"href":"https:\/\/dlplomberie.fr\/index.php\/wp-json\/wp\/v2\/pages\/37","targetHints":{"allow":["GET"]}}],"collection":[{"href":"https:\/\/dlplomberie.fr\/index.php\/wp-json\/wp\/v2\/pages"}],"about":[{"href":"https:\/\/dlplomberie.fr\/index.php\/wp-json\/wp\/v2\/types\/page"}],"author":[{"embeddable":true,"href":"https:\/\/dlplomberie.fr\/index.php\/wp-json\/wp\/v2\/users\/1"}],"replies":[{"embeddable":true,"href":"https:\/\/dlplomberie.fr\/index.php\/wp-json\/wp\/v2\/comments?post=37"}],"version-history":[{"count":96,"href":"https:\/\/dlplomberie.fr\/index.php\/wp-json\/wp\/v2\/pages\/37\/revisions"}],"predecessor-version":[{"id":253,"href":"https:\/\/dlplomberie.fr\/index.php\/wp-json\/wp\/v2\/pages\/37\/revisions\/253"}],"wp:attachment":[{"href":"https:\/\/dlplomberie.fr\/index.php\/wp-json\/wp\/v2\/media?parent=37"}],"curies":[{"name":"wp","href":"https:\/\/api.w.org\/{rel}","templated":true}]}}